{"id":18,"date":"2023-06-15T12:33:43","date_gmt":"2023-06-15T12:33:43","guid":{"rendered":"https:\/\/dummy.xtemos.com\/woodmart2\/kids-elementor\/?page_id=18"},"modified":"2025-08-16T12:33:20","modified_gmt":"2025-08-16T12:33:20","slug":"contact-us","status":"publish","type":"page","link":"https:\/\/bayram-oglu.com\/index.php\/contact-us\/","title":{"rendered":"\u0130leti\u015fim"},"content":{"rendered":"\t\t<div data-elementor-type=\"wp-page\" data-elementor-id=\"18\" class=\"elementor elementor-18\">\n\t\t\t\t\t\t<section class=\"wd-negative-gap elementor-section elementor-top-section elementor-element elementor-element-766db2ec elementor-section-boxed elementor-section-height-default elementor-section-height-default\" data-id=\"766db2ec\" data-element_type=\"section\">\n\t\t\t\t\t\t<div class=\"elementor-container elementor-column-gap-default\">\n\t\t\t\t\t<div class=\"elementor-column elementor-col-33 elementor-top-column elementor-element elementor-element-22e37f41\" data-id=\"22e37f41\" data-element_type=\"column\">\n\t\t\t<div class=\"elementor-widget-wrap elementor-element-populated\">\n\t\t\t\t\t\t<div class=\"elementor-element elementor-element-50421383 wd-width-100 elementor-widget elementor-widget-wd_title\" data-id=\"50421383\" data-element_type=\"widget\" data-widget_type=\"wd_title.default\">\n\t\t\t\t<div class=\"elementor-widget-container\">\n\t\t\t\t\t\t\t<div class=\"title-wrapper set-mb-s reset-last-child wd-title-color-default wd-title-style-default wd-title-size-default text-left\">\n\n\t\t\t\n\t\t\t<div class=\"liner-continer\">\n\t\t\t\t<h4 class=\"woodmart-title-container title wd-fontsize-l wd-underline-colored\">Bayramo\u011flu Proje <\/h4> \n\t\t\t\t\t\t\t<\/div>\n\n\t\t\t\t\t<\/div>\n\t\t\t\t\t\t<\/div>\n\t\t\t\t<\/div>\n\t\t\t\t\t<\/div>\n\t\t<\/div>\n\t\t\t\t<div class=\"elementor-column elementor-col-33 elementor-top-column elementor-element elementor-element-20c957c4\" data-id=\"20c957c4\" data-element_type=\"column\">\n\t\t\t<div class=\"elementor-widget-wrap elementor-element-populated\">\n\t\t\t\t\t\t<div class=\"elementor-element elementor-element-4e91db2c wd-width-100 elementor-widget elementor-widget-wd_title\" data-id=\"4e91db2c\" data-element_type=\"widget\" data-widget_type=\"wd_title.default\">\n\t\t\t\t<div class=\"elementor-widget-container\">\n\t\t\t\t\t\t\t<div class=\"title-wrapper set-mb-s reset-last-child wd-title-color-default wd-title-style-default wd-title-size-default text-left\">\n\n\t\t\t\n\t\t\t<div class=\"liner-continer\">\n\t\t\t\t<h4 class=\"woodmart-title-container title wd-fontsize-l\">Konumumuz<\/h4> \n\t\t\t\t\t\t\t<\/div>\n\n\t\t\t\t\t<\/div>\n\t\t\t\t\t\t<\/div>\n\t\t\t\t<\/div>\n\t\t\t\t<div class=\"elementor-element elementor-element-120c58f3 elementor-widget elementor-widget-wd_infobox\" data-id=\"120c58f3\" data-element_type=\"widget\" data-widget_type=\"wd_infobox.default\">\n\t\t\t\t<div class=\"elementor-widget-container\">\n\t\t\t\t\t\t\t<div class=\"info-box-wrapper\">\n\t\t\t<div class=\"wd-info-box text-left box-icon-align-left box-style-base color-scheme- wd-items-top\">\n\t\t\t\t\t\t\t\t\t<div class=\"box-icon-wrapper  box-with-icon box-icon-simple\">\n\t\t\t\t\t\t<div class=\"info-box-icon\">\n\t\t\t\t\t\t\t\t\t\t\t\t\t\t\t<div class=\"info-svg-wrapper\" style=\"width:35px; height:35px;\"><img decoding=\"async\"  src=\"https:\/\/bayram-oglu.com\/wp-content\/uploads\/2025\/08\/bikes-address.svg\" title=\"bikes-address.svg\" width=\"35\" height=\"35\"><\/div>\t\t\t\t\t\t\t\t\t\t\t\t\t<\/div>\n\t\t\t\t\t<\/div>\n\t\t\t\t\n\t\t\t\t<div class=\"info-box-content\">\n\t\t\t\t\t\n\t\t\t\t\t\n\t\t\t\t\t<div class=\"info-box-inner set-cont-mb-s reset-last-child\"data-elementor-setting-key=\"content\"><p>Donanmac\u0131 Mahallesi, Kemalpa\u015fa Caddesi, No:7, Niget Akyaz\u0131l\u0131 \u0130\u015f Merkezi, Kat:5, Kar\u015f\u0131yaka\/\u0130zmir\u00a0<\/p>\n<p>\u00a0<\/p>\n<\/div>\n\n\t\t\t\t\t\t\t\t\t<\/div>\n\n\t\t\t\t\t\t\t<\/div>\n\t\t<\/div>\n\t\t\t\t\t\t<\/div>\n\t\t\t\t<\/div>\n\t\t\t\t\t<\/div>\n\t\t<\/div>\n\t\t\t\t<div class=\"elementor-column elementor-col-33 elementor-top-column elementor-element elementor-element-2363fb29\" data-id=\"2363fb29\" data-element_type=\"column\">\n\t\t\t<div class=\"elementor-widget-wrap elementor-element-populated\">\n\t\t\t\t\t\t<div class=\"elementor-element elementor-element-6cb5d44 wd-width-100 elementor-widget elementor-widget-wd_title\" data-id=\"6cb5d44\" data-element_type=\"widget\" data-widget_type=\"wd_title.default\">\n\t\t\t\t<div class=\"elementor-widget-container\">\n\t\t\t\t\t\t\t<div class=\"title-wrapper set-mb-s reset-last-child wd-title-color-default wd-title-style-default wd-title-size-default text-left\">\n\n\t\t\t\n\t\t\t<div class=\"liner-continer\">\n\t\t\t\t<h4 class=\"woodmart-title-container title wd-fontsize-l\">\u0130leti\u015fim Numaram\u0131z<\/h4> \n\t\t\t\t\t\t\t<\/div>\n\n\t\t\t\t\t<\/div>\n\t\t\t\t\t\t<\/div>\n\t\t\t\t<\/div>\n\t\t\t\t<div class=\"elementor-element elementor-element-62264f72 elementor-widget elementor-widget-wd_infobox\" data-id=\"62264f72\" data-element_type=\"widget\" data-widget_type=\"wd_infobox.default\">\n\t\t\t\t<div class=\"elementor-widget-container\">\n\t\t\t\t\t\t\t<div class=\"info-box-wrapper\">\n\t\t\t<div class=\"wd-info-box text-left box-icon-align-left box-style-base color-scheme- wd-items-top\">\n\t\t\t\t\t\t\t\t\t<div class=\"box-icon-wrapper  box-with-icon box-icon-simple\">\n\t\t\t\t\t\t<div class=\"info-box-icon\">\n\t\t\t\t\t\t\t\t\t\t\t\t\t\t\t<div class=\"info-svg-wrapper\" style=\"width:35px; height:35px;\"><img decoding=\"async\"  src=\"https:\/\/bayram-oglu.com\/wp-content\/uploads\/2025\/08\/bikes-mobile-phone.svg\" title=\"bikes-mobile-phone.svg\" width=\"35\" height=\"35\"><\/div>\t\t\t\t\t\t\t\t\t\t\t\t\t<\/div>\n\t\t\t\t\t<\/div>\n\t\t\t\t\n\t\t\t\t<div class=\"info-box-content\">\n\t\t\t\t\t\n\t\t\t\t\t\n\t\t\t\t\t<div class=\"info-box-inner set-cont-mb-s reset-last-child\"data-elementor-setting-key=\"content\"><p>0(541) 966 35 00<\/p>\n<\/div>\n\n\t\t\t\t\t\t\t\t\t<\/div>\n\n\t\t\t\t\t\t\t<\/div>\n\t\t<\/div>\n\t\t\t\t\t\t<\/div>\n\t\t\t\t<\/div>\n\t\t\t\t\t<\/div>\n\t\t<\/div>\n\t\t\t\t\t<\/div>\n\t\t<\/section>\n\t\t<div class=\"wd-negative-gap elementor-element elementor-element-7f566bf e-flex e-con-boxed e-con e-parent\" data-id=\"7f566bf\" data-element_type=\"container\">\n\t\t\t\t\t<div class=\"e-con-inner\">\n\t\t\t\t<div class=\"elementor-element elementor-element-06ab53a elementor-widget elementor-widget-google_maps\" data-id=\"06ab53a\" data-element_type=\"widget\" data-widget_type=\"google_maps.default\">\n\t\t\t\t\t\t\t<div class=\"elementor-custom-embed\">\n\t\t\t<iframe loading=\"lazy\"\n\t\t\t\t\tsrc=\"https:\/\/maps.google.com\/maps?q=Donanmac%C4%B1%20Mahallesi%2C%20Kemalpa%C5%9Fa%20Caddesi%2C%20No%3A7%2C%20Niget%20Akyaz%C4%B1l%C4%B1%20%C4%B0%C5%9F%20Merkezi%2C%20Kat%3A5%2C%20Kar%C5%9F%C4%B1yaka%2F%C4%B0zmir%C2%A0&#038;t=m&#038;z=10&#038;output=embed&#038;iwloc=near\"\n\t\t\t\t\ttitle=\"Donanmac\u0131 Mahallesi, Kemalpa\u015fa Caddesi, No:7, Niget Akyaz\u0131l\u0131 \u0130\u015f Merkezi, Kat:5, Kar\u015f\u0131yaka\/\u0130zmir\u00a0\"\n\t\t\t\t\taria-label=\"Donanmac\u0131 Mahallesi, Kemalpa\u015fa Caddesi, No:7, Niget Akyaz\u0131l\u0131 \u0130\u015f Merkezi, Kat:5, Kar\u015f\u0131yaka\/\u0130zmir\u00a0\"\n\t\t\t><\/iframe>\n\t\t<\/div>\n\t\t\t\t\t\t<\/div>\n\t\t\t\t\t<\/div>\n\t\t\t\t<\/div>\n\t\t\t\t<\/div>\n\t\t","protected":false},"excerpt":{"rendered":"<p>Bayramo\u011flu Proje Konumumuz Donanmac\u0131 Mahallesi, Kemalpa\u015fa Caddesi, No:7, Niget Akyaz\u0131l\u0131 \u0130\u015f Merkezi, Kat:5, Kar\u015f\u0131yaka\/\u0130zmir\u00a0 \u00a0 \u0130leti\u015fim Numaram\u0131z 0(541) 966 35<\/p>\n","protected":false},"author":1,"featured_media":0,"parent":0,"menu_order":0,"comment_status":"closed","ping_status":"closed","template":"","meta":{"footnotes":""},"class_list":["post-18","page","type-page","status-publish","hentry"],"_links":{"self":[{"href":"https:\/\/bayram-oglu.com\/index.php\/wp-json\/wp\/v2\/pages\/18","targetHints":{"allow":["GET"]}}],"collection":[{"href":"https:\/\/bayram-oglu.com\/index.php\/wp-json\/wp\/v2\/pages"}],"about":[{"href":"https:\/\/bayram-oglu.com\/index.php\/wp-json\/wp\/v2\/types\/page"}],"author":[{"embeddable":true,"href":"https:\/\/bayram-oglu.com\/index.php\/wp-json\/wp\/v2\/users\/1"}],"replies":[{"embeddable":true,"href":"https:\/\/bayram-oglu.com\/index.php\/wp-json\/wp\/v2\/comments?post=18"}],"version-history":[{"count":4,"href":"https:\/\/bayram-oglu.com\/index.php\/wp-json\/wp\/v2\/pages\/18\/revisions"}],"predecessor-version":[{"id":988,"href":"https:\/\/bayram-oglu.com\/index.php\/wp-json\/wp\/v2\/pages\/18\/revisions\/988"}],"wp:attachment":[{"href":"https:\/\/bayram-oglu.com\/index.php\/wp-json\/wp\/v2\/media?parent=18"}],"curies":[{"name":"wp","href":"https:\/\/api.w.org\/{rel}","templated":true}]}}