{"id":405,"date":"2023-06-15T12:33:10","date_gmt":"2023-06-15T12:33:10","guid":{"rendered":"https:\/\/dummy.xtemos.com\/woodmart2\/kids-elementor\/?page_id=14"},"modified":"2025-08-16T12:48:53","modified_gmt":"2025-08-16T12:48:53","slug":"about-us","status":"publish","type":"page","link":"https:\/\/bayram-oglu.com\/index.php\/about-us\/","title":{"rendered":"Hakk\u0131m\u0131zda"},"content":{"rendered":"\t\t<div data-elementor-type=\"wp-page\" data-elementor-id=\"405\" class=\"elementor elementor-405\">\n\t\t\t\t<div class=\"wd-negative-gap elementor-element elementor-element-38d1e6f e-flex e-con-boxed e-con e-parent\" data-id=\"38d1e6f\" data-element_type=\"container\">\n\t\t\t\t\t<div class=\"e-con-inner\">\n\t\t<div class=\"elementor-element elementor-element-c9ddb24 e-con-full e-flex e-con e-child\" data-id=\"c9ddb24\" data-element_type=\"container\">\n\t\t\t\t<div class=\"elementor-element elementor-element-6030832 elementor-widget elementor-widget-wd_image_or_svg\" data-id=\"6030832\" data-element_type=\"widget\" data-widget_type=\"wd_image_or_svg.default\">\n\t\t\t\t<div class=\"elementor-widget-container\">\n\t\t\t\t\t\n\t\t<div class=\"wd-image text-left\">\n\t\t\t\t\t\t\t\t<img fetchpriority=\"high\" decoding=\"async\" width=\"890\" height=\"580\" src=\"https:\/\/bayram-oglu.com\/wp-content\/uploads\/2025\/08\/Adsiz-tasarim-2025-08-16T154834.968.png\" class=\"attachment-full size-full\" alt=\"\" srcset=\"https:\/\/bayram-oglu.com\/wp-content\/uploads\/2025\/08\/Adsiz-tasarim-2025-08-16T154834.968.png 890w, https:\/\/bayram-oglu.com\/wp-content\/uploads\/2025\/08\/Adsiz-tasarim-2025-08-16T154834.968-300x196.png 300w, https:\/\/bayram-oglu.com\/wp-content\/uploads\/2025\/08\/Adsiz-tasarim-2025-08-16T154834.968-768x500.png 768w, https:\/\/bayram-oglu.com\/wp-content\/uploads\/2025\/08\/Adsiz-tasarim-2025-08-16T154834.968-150x98.png 150w\" sizes=\"(max-width: 890px) 100vw, 890px\" \/>\t\t\t\t\t<\/div>\n\n\t\t\t\t\t\t<\/div>\n\t\t\t\t<\/div>\n\t\t\t\t<\/div>\n\t\t<div class=\"elementor-element elementor-element-a392c61 e-con-full e-flex e-con e-child\" data-id=\"a392c61\" data-element_type=\"container\">\n\t\t\t\t<div class=\"elementor-element elementor-element-7087836 wd-width-100 elementor-widget elementor-widget-wd_title\" data-id=\"7087836\" data-element_type=\"widget\" data-widget_type=\"wd_title.default\">\n\t\t\t\t<div class=\"elementor-widget-container\">\n\t\t\t\t\t\t\t<div class=\"title-wrapper set-mb-s reset-last-child wd-title-color-primary wd-title-style-default wd-title-size-extra-large text-left\">\n\n\t\t\t\t\t\t\t<div class=\"title-subtitle subtitle-color-primary subtitle-style-default wd-fontsize-m\">\n\t\t\t\t\tBayramo\u011flu\t\t\t\t<\/div>\n\t\t\t\n\t\t\t<div class=\"liner-continer\">\n\t\t\t\t<h4 class=\"woodmart-title-container title wd-fontsize-xxxl\">Hakk\u0131m\u0131zda<\/h4> \n\t\t\t\t\t\t\t<\/div>\n\n\t\t\t\t\t<\/div>\n\t\t\t\t\t\t<\/div>\n\t\t\t\t<\/div>\n\t\t\t\t<div class=\"elementor-element elementor-element-0b93a1b elementor-widget elementor-widget-wd_text_block\" data-id=\"0b93a1b\" data-element_type=\"widget\" data-widget_type=\"wd_text_block.default\">\n\t\t\t\t<div class=\"elementor-widget-container\">\n\t\t\t\t\t\t\t<div class=\"wd-text-block reset-last-child text-left\">\n\t\t\t\n\t\t\t<p data-start=\"85\" data-end=\"382\">Bayramo\u011flu, sekt\u00f6rde y\u0131llard\u0131r edindi\u011fi deneyim ve uzman kadrosu ile ara\u00e7 projeleri, PVC montaj ve benzeri uygulamalarda g\u00fcvenilir bir \u00e7\u00f6z\u00fcm orta\u011f\u0131d\u0131r. Kaliteli i\u015f\u00e7ilik, zaman\u0131nda teslimat ve m\u00fc\u015fteri memnuniyeti ilkesiyle hareket eden firmam\u0131z, her projede en iyi sonucu ortaya koymay\u0131 hedefler.<\/p><p data-start=\"384\" data-end=\"646\">Teknolojiyi yak\u0131ndan takip eden Bayramo\u011flu, hem estetik hem de dayan\u0131kl\u0131 \u00e7\u00f6z\u00fcmler sunarak sekt\u00f6rdeki fark\u0131n\u0131 ortaya koymaktad\u0131r. M\u00fc\u015fterilerimizin ihtiya\u00e7lar\u0131n\u0131 en ince ayr\u0131nt\u0131s\u0131na kadar analiz ediyor, beklentilerini a\u015fan i\u015fler ortaya \u00e7\u0131karmak i\u00e7in \u00e7al\u0131\u015f\u0131yoruz.<\/p><p data-start=\"648\" data-end=\"916\">Bug\u00fcne kadar say\u0131s\u0131z projeye imza atan firmam\u0131z, d\u00fcr\u00fcstl\u00fck, g\u00fcven ve kalite anlay\u0131\u015f\u0131n\u0131 ilke edinmi\u015f; sekt\u00f6rde kal\u0131c\u0131 olmay\u0131 hedeflemi\u015ftir. Bayramo\u011flu, her ge\u00e7en g\u00fcn daha da b\u00fcy\u00fcyerek siz de\u011ferli m\u00fc\u015fterilerine yenilik\u00e7i ve profesyonel hizmet sunmaya devam etmektedir.<\/p><p>Separated they live in Bookmarks grove right at the coast of the Semantics.<\/p>\n\t\t\t\t\t<\/div>\n\t\t\t\t\t\t<\/div>\n\t\t\t\t<\/div>\n\t\t\t\t<\/div>\n\t\t\t\t\t<\/div>\n\t\t\t\t<\/div>\n\t\t\t\t<\/div>\n\t\t","protected":false},"excerpt":{"rendered":"<p>Bayramo\u011flu Hakk\u0131m\u0131zda Bayramo\u011flu, sekt\u00f6rde y\u0131llard\u0131r edindi\u011fi deneyim ve uzman kadrosu ile ara\u00e7 projeleri, PVC montaj ve benzeri uygulamalarda g\u00fcvenilir bir<\/p>\n","protected":false},"author":1,"featured_media":0,"parent":0,"menu_order":0,"comment_status":"closed","ping_status":"closed","template":"","meta":{"footnotes":""},"class_list":["post-405","page","type-page","status-publish","hentry"],"_links":{"self":[{"href":"https:\/\/bayram-oglu.com\/index.php\/wp-json\/wp\/v2\/pages\/405","targetHints":{"allow":["GET"]}}],"collection":[{"href":"https:\/\/bayram-oglu.com\/index.php\/wp-json\/wp\/v2\/pages"}],"about":[{"href":"https:\/\/bayram-oglu.com\/index.php\/wp-json\/wp\/v2\/types\/page"}],"author":[{"embeddable":true,"href":"https:\/\/bayram-oglu.com\/index.php\/wp-json\/wp\/v2\/users\/1"}],"replies":[{"embeddable":true,"href":"https:\/\/bayram-oglu.com\/index.php\/wp-json\/wp\/v2\/comments?post=405"}],"version-history":[{"count":4,"href":"https:\/\/bayram-oglu.com\/index.php\/wp-json\/wp\/v2\/pages\/405\/revisions"}],"predecessor-version":[{"id":993,"href":"https:\/\/bayram-oglu.com\/index.php\/wp-json\/wp\/v2\/pages\/405\/revisions\/993"}],"wp:attachment":[{"href":"https:\/\/bayram-oglu.com\/index.php\/wp-json\/wp\/v2\/media?parent=405"}],"curies":[{"name":"wp","href":"https:\/\/api.w.org\/{rel}","templated":true}]}}