{"id":963,"date":"2025-08-16T12:18:22","date_gmt":"2025-08-16T12:18:22","guid":{"rendered":"https:\/\/bayram-oglu.com\/?page_id=963"},"modified":"2025-08-16T12:22:56","modified_gmt":"2025-08-16T12:22:56","slug":"arac-projemiz","status":"publish","type":"page","link":"https:\/\/bayram-oglu.com\/index.php\/arac-projemiz\/","title":{"rendered":"Ara\u00e7 Projelerimiz"},"content":{"rendered":"\t\t<div data-elementor-type=\"wp-page\" data-elementor-id=\"963\" class=\"elementor elementor-963\">\n\t\t\t\t\t\t<section class=\"wd-negative-gap elementor-section elementor-top-section elementor-element elementor-element-3d8ba7f2 elementor-section-content-middle elementor-section-height-min-height elementor-section-stretched elementor-section-boxed elementor-section-height-default elementor-section-items-middle\" data-id=\"3d8ba7f2\" data-element_type=\"section\" data-settings=\"{&quot;background_background&quot;:&quot;classic&quot;,&quot;stretch_section&quot;:&quot;section-stretched&quot;}\">\n\t\t\t\t\t\t\t<div class=\"elementor-background-overlay\"><\/div>\n\t\t\t\t\t\t\t<div class=\"elementor-container elementor-column-gap-default\">\n\t\t\t\t\t<div class=\"elementor-column elementor-col-33 elementor-top-column elementor-element elementor-element-248dadc\" data-id=\"248dadc\" data-element_type=\"column\">\n\t\t\t<div class=\"elementor-widget-wrap elementor-element-populated\">\n\t\t\t\t\t\t<div class=\"elementor-element elementor-element-2e005163 wd-width-100 elementor-widget elementor-widget-wd_title\" data-id=\"2e005163\" data-element_type=\"widget\" data-widget_type=\"wd_title.default\">\n\t\t\t\t<div class=\"elementor-widget-container\">\n\t\t\t\t\t\t\t<div class=\"title-wrapper set-mb-s reset-last-child wd-title-color-default wd-title-style-default wd-title-size-extra-large text-center\">\n\n\t\t\t\n\t\t\t<div class=\"liner-continer\">\n\t\t\t\t<h4 class=\"woodmart-title-container title wd-fontsize-xxxl\">Ara\u00e7 Projelerimiz<\/h4> \n\t\t\t\t\t\t\t<\/div>\n\n\t\t\t\t\t\t\t<div class=\"title-after_title set-cont-mb-s reset-last-child wd-fontsize-s\">\n\t\t\t\t\t<ul><li>\u00d6zel donan\u0131ml\u0131 ara\u00e7 projeleri<\/li><li>\u015easi ve motor numaras\u0131 i\u015flemleri<\/li><li>Minib\u00fcsten otomobile d\u00f6n\u00fc\u015f\u00fcm projesi<\/li><li>\u00c7eki demiri projesi<\/li><li>Panelvana d\u00f6n\u00fc\u015f\u00fcm projesi<\/li><li>LPG S\u00f6k\u00fcm projesi<\/li><li>\u0130thal ara\u00e7 uygunluk belgesi<\/li><li>Otob\u00fcsten minib\u00fcse d\u00f6n\u00fc\u015f\u00fcm projesi<\/li><li>Cam ekleme projesi<\/li><li>Brandal\u0131 kasa projesi<\/li><li>Sal kasa projesi<\/li><li>Tenteli kasa projesi<\/li><li>Frigrofik kasa projesi<\/li><li>S\u00fcr\u00fcc\u00fc kursu iptal projesi<\/li><li>S\u00fcr\u00fcc\u00fc kursu ara\u00e7 projesi<\/li><li>Engelli aparat\u0131 iptal\/s\u00f6k\u00fcm projesi<\/li><li>Engelli ara\u00e7 projesi<\/li><li>Okul ta\u015f\u0131t\u0131 iptal projesi<\/li><li>Okul ta\u015f\u0131t\u0131 projesi<\/li><li>Motor de\u011fi\u015fikli\u011fi projesi<\/li><\/ul><p>Koltuk s\u00f6kme projesi<\/p><p>Motokaravan projesi<\/p><ul><li>Karayollar\u0131 uygunluk belgesi<\/li><\/ul>\t\t\t\t<\/div>\n\t\t\t\t\t<\/div>\n\t\t\t\t\t\t<\/div>\n\t\t\t\t<\/div>\n\t\t\t\t\t<\/div>\n\t\t<\/div>\n\t\t\t\t<div class=\"elementor-column elementor-col-66 elementor-top-column elementor-element elementor-element-52ee7666 elementor-hidden-tablet elementor-hidden-phone\" data-id=\"52ee7666\" data-element_type=\"column\" data-settings=\"{&quot;background_background&quot;:&quot;classic&quot;}\">\n\t\t\t<div class=\"elementor-widget-wrap\">\n\t\t\t\t\t\t\t<\/div>\n\t\t<\/div>\n\t\t\t\t\t<\/div>\n\t\t<\/section>\n\t\t\t\t<\/div>\n\t\t","protected":false},"excerpt":{"rendered":"<p>Ara\u00e7 Projelerimiz \u00d6zel donan\u0131ml\u0131 ara\u00e7 projeleri \u015easi ve motor numaras\u0131 i\u015flemleri Minib\u00fcsten otomobile d\u00f6n\u00fc\u015f\u00fcm projesi \u00c7eki demiri projesi Panelvana d\u00f6n\u00fc\u015f\u00fcm<\/p>\n","protected":false},"author":1,"featured_media":0,"parent":0,"menu_order":0,"comment_status":"closed","ping_status":"closed","template":"","meta":{"footnotes":""},"class_list":["post-963","page","type-page","status-publish","hentry"],"_links":{"self":[{"href":"https:\/\/bayram-oglu.com\/index.php\/wp-json\/wp\/v2\/pages\/963","targetHints":{"allow":["GET"]}}],"collection":[{"href":"https:\/\/bayram-oglu.com\/index.php\/wp-json\/wp\/v2\/pages"}],"about":[{"href":"https:\/\/bayram-oglu.com\/index.php\/wp-json\/wp\/v2\/types\/page"}],"author":[{"embeddable":true,"href":"https:\/\/bayram-oglu.com\/index.php\/wp-json\/wp\/v2\/users\/1"}],"replies":[{"embeddable":true,"href":"https:\/\/bayram-oglu.com\/index.php\/wp-json\/wp\/v2\/comments?post=963"}],"version-history":[{"count":5,"href":"https:\/\/bayram-oglu.com\/index.php\/wp-json\/wp\/v2\/pages\/963\/revisions"}],"predecessor-version":[{"id":973,"href":"https:\/\/bayram-oglu.com\/index.php\/wp-json\/wp\/v2\/pages\/963\/revisions\/973"}],"wp:attachment":[{"href":"https:\/\/bayram-oglu.com\/index.php\/wp-json\/wp\/v2\/media?parent=963"}],"curies":[{"name":"wp","href":"https:\/\/api.w.org\/{rel}","templated":true}]}}