{"id":966,"date":"2025-08-16T12:19:31","date_gmt":"2025-08-16T12:19:31","guid":{"rendered":"https:\/\/bayram-oglu.com\/?page_id=966"},"modified":"2025-08-16T12:50:49","modified_gmt":"2025-08-16T12:50:49","slug":"insaat-projelerimiz","status":"publish","type":"page","link":"https:\/\/bayram-oglu.com\/index.php\/insaat-projelerimiz\/","title":{"rendered":"\u0130n\u015faat Projelerimiz"},"content":{"rendered":"\t\t<div data-elementor-type=\"wp-page\" data-elementor-id=\"966\" class=\"elementor elementor-966\">\n\t\t\t\t\t\t<section class=\"wd-negative-gap elementor-section elementor-top-section elementor-element elementor-element-712593a2 elementor-section-content-middle wd-section-stretch elementor-reverse-mobile elementor-section-boxed elementor-section-height-default elementor-section-height-default\" data-id=\"712593a2\" data-element_type=\"section\" data-settings=\"{&quot;background_background&quot;:&quot;classic&quot;}\">\n\t\t\t\t\t\t<div class=\"elementor-container elementor-column-gap-extended\">\n\t\t\t\t\t<div class=\"elementor-column elementor-col-50 elementor-top-column elementor-element elementor-element-578c623b\" data-id=\"578c623b\" data-element_type=\"column\">\n\t\t\t<div class=\"elementor-widget-wrap elementor-element-populated\">\n\t\t\t\t\t\t<div class=\"elementor-element elementor-element-2b7419b9 elementor-widget__width-initial wd-width-100 elementor-widget elementor-widget-wd_title\" data-id=\"2b7419b9\" data-element_type=\"widget\" data-widget_type=\"wd_title.default\">\n\t\t\t\t<div class=\"elementor-widget-container\">\n\t\t\t\t\t\t\t<div class=\"title-wrapper set-mb-s reset-last-child wd-title-color-default wd-title-style-default wd-title-size-default text-left\">\n\n\t\t\t\n\t\t\t<div class=\"liner-continer\">\n\t\t\t\t<h4 class=\"woodmart-title-container title wd-fontsize-l wd-underline-colored\">\u0130n\u015faat<br \/>\n Projelerimiz<\/h4> \n\t\t\t\t\t\t\t<\/div>\n\n\t\t\t\t\t<\/div>\n\t\t\t\t\t\t<\/div>\n\t\t\t\t<\/div>\n\t\t\t\t<div class=\"elementor-element elementor-element-7a24cf34 elementor-widget elementor-widget-wd_text_block\" data-id=\"7a24cf34\" data-element_type=\"widget\" data-widget_type=\"wd_text_block.default\">\n\t\t\t\t<div class=\"elementor-widget-container\">\n\t\t\t\t\t\t\t<div class=\"wd-text-block reset-last-child text-left\">\n\t\t\t\n\t\t\t<ul><li>PVC Kap\u0131 ve pencere<\/li><li>Sineklik<\/li><li>Mutfak Dolab\u0131<\/li><li>Du\u015fakabin<\/li><li>Du\u015fakabin montaj\u0131<\/li><li>Cam Balkon<\/li><li>\u00c7elik kap\u0131<\/li><li>Laminant parke<\/li><\/ul>\n\t\t\t\t\t<\/div>\n\t\t\t\t\t\t<\/div>\n\t\t\t\t<\/div>\n\t\t\t\t\t<\/div>\n\t\t<\/div>\n\t\t\t\t<div class=\"elementor-column elementor-col-50 elementor-top-column elementor-element elementor-element-7ac6c5b6\" data-id=\"7ac6c5b6\" data-element_type=\"column\">\n\t\t\t<div class=\"elementor-widget-wrap elementor-element-populated\">\n\t\t\t\t\t\t<div class=\"elementor-element elementor-element-816af40 elementor-widget elementor-widget-wd_image_or_svg\" data-id=\"816af40\" data-element_type=\"widget\" data-widget_type=\"wd_image_or_svg.default\">\n\t\t\t\t<div class=\"elementor-widget-container\">\n\t\t\t\t\t\n\t\t<div class=\"wd-image text-left\">\n\t\t\t\t\t\t\t\t<img fetchpriority=\"high\" decoding=\"async\" width=\"580\" height=\"660\" src=\"https:\/\/bayram-oglu.com\/wp-content\/uploads\/2025\/08\/real-estate-pic.png\" class=\"attachment-full size-full\" alt=\"\" srcset=\"https:\/\/bayram-oglu.com\/wp-content\/uploads\/2025\/08\/real-estate-pic.png 580w, https:\/\/bayram-oglu.com\/wp-content\/uploads\/2025\/08\/real-estate-pic-264x300.png 264w, https:\/\/bayram-oglu.com\/wp-content\/uploads\/2025\/08\/real-estate-pic-150x171.png 150w\" sizes=\"(max-width: 580px) 100vw, 580px\" \/>\t\t\t\t\t<\/div>\n\n\t\t\t\t\t\t<\/div>\n\t\t\t\t<\/div>\n\t\t\t\t\t<\/div>\n\t\t<\/div>\n\t\t\t\t\t<\/div>\n\t\t<\/section>\n\t\t\t\t<\/div>\n\t\t","protected":false},"excerpt":{"rendered":"<p>\u0130n\u015faat Projelerimiz PVC Kap\u0131 ve pencere Sineklik Mutfak Dolab\u0131 Du\u015fakabin Du\u015fakabin montaj\u0131 Cam Balkon \u00c7elik kap\u0131 Laminant parke<\/p>\n","protected":false},"author":1,"featured_media":0,"parent":0,"menu_order":0,"comment_status":"closed","ping_status":"closed","template":"","meta":{"footnotes":""},"class_list":["post-966","page","type-page","status-publish","hentry"],"_links":{"self":[{"href":"https:\/\/bayram-oglu.com\/index.php\/wp-json\/wp\/v2\/pages\/966","targetHints":{"allow":["GET"]}}],"collection":[{"href":"https:\/\/bayram-oglu.com\/index.php\/wp-json\/wp\/v2\/pages"}],"about":[{"href":"https:\/\/bayram-oglu.com\/index.php\/wp-json\/wp\/v2\/types\/page"}],"author":[{"embeddable":true,"href":"https:\/\/bayram-oglu.com\/index.php\/wp-json\/wp\/v2\/users\/1"}],"replies":[{"embeddable":true,"href":"https:\/\/bayram-oglu.com\/index.php\/wp-json\/wp\/v2\/comments?post=966"}],"version-history":[{"count":10,"href":"https:\/\/bayram-oglu.com\/index.php\/wp-json\/wp\/v2\/pages\/966\/revisions"}],"predecessor-version":[{"id":999,"href":"https:\/\/bayram-oglu.com\/index.php\/wp-json\/wp\/v2\/pages\/966\/revisions\/999"}],"wp:attachment":[{"href":"https:\/\/bayram-oglu.com\/index.php\/wp-json\/wp\/v2\/media?parent=966"}],"curies":[{"name":"wp","href":"https:\/\/api.w.org\/{rel}","templated":true}]}}